{"id":2,"date":"2012-02-08T13:52:08","date_gmt":"2012-02-08T13:52:08","guid":{"rendered":"http:\/\/blog.sunny-side-coaching.de\/?page_id=2"},"modified":"2012-02-11T09:14:58","modified_gmt":"2012-02-11T08:14:58","slug":"sample-page","status":"publish","type":"page","link":"http:\/\/blog.sunny-side-coaching.de\/?page_id=2","title":{"rendered":"&#8230; wer steckt dahinter?"},"content":{"rendered":"<p>Warum \u00fcber Coaching schreiben? Mein Motto ist das lebenslange Lernen und es macht mir Spass, neue Inhalte und Methoden zu entdecken. Lernen erfordert lesen, nachdenken, aufschreiben und dar\u00fcber erz\u00e4hlen &#8211; also ist mein prim\u00e4res Ziel hier mein Wissen zu erweitern und nieder zu schreiben &#8211; sollten irgendwann einmal tats\u00e4chliche Leser zum Inhalt finden ist das gut &#8211; aber erstmal nicht intendiert.<\/p>\n<p>Viele Spass mit den Inhalten &#8211; vorallem mir!<\/p>\n","protected":false},"excerpt":{"rendered":"<p>Warum \u00fcber Coaching schreiben? Mein Motto ist das lebenslange Lernen und es macht mir Spass, neue Inhalte und Methoden zu entdecken. Lernen erfordert lesen, nachdenken, aufschreiben und dar\u00fcber erz\u00e4hlen &#8211; also ist mein prim\u00e4res Ziel hier mein Wissen zu erweitern &hellip; <a href=\"http:\/\/blog.sunny-side-coaching.de\/?page_id=2\">Continue reading <span class=\"meta-nav\">&rarr;<\/span><\/a><\/p>\n","protected":false},"author":1,"featured_media":0,"parent":0,"menu_order":0,"comment_status":"open","ping_status":"open","template":"","meta":{"footnotes":""},"class_list":["post-2","page","type-page","status-publish","hentry"],"_links":{"self":[{"href":"http:\/\/blog.sunny-side-coaching.de\/index.php?rest_route=\/wp\/v2\/pages\/2","targetHints":{"allow":["GET"]}}],"collection":[{"href":"http:\/\/blog.sunny-side-coaching.de\/index.php?rest_route=\/wp\/v2\/pages"}],"about":[{"href":"http:\/\/blog.sunny-side-coaching.de\/index.php?rest_route=\/wp\/v2\/types\/page"}],"author":[{"embeddable":true,"href":"http:\/\/blog.sunny-side-coaching.de\/index.php?rest_route=\/wp\/v2\/users\/1"}],"replies":[{"embeddable":true,"href":"http:\/\/blog.sunny-side-coaching.de\/index.php?rest_route=%2Fwp%2Fv2%2Fcomments&post=2"}],"version-history":[{"count":2,"href":"http:\/\/blog.sunny-side-coaching.de\/index.php?rest_route=\/wp\/v2\/pages\/2\/revisions"}],"predecessor-version":[{"id":9,"href":"http:\/\/blog.sunny-side-coaching.de\/index.php?rest_route=\/wp\/v2\/pages\/2\/revisions\/9"}],"wp:attachment":[{"href":"http:\/\/blog.sunny-side-coaching.de\/index.php?rest_route=%2Fwp%2Fv2%2Fmedia&parent=2"}],"curies":[{"name":"wp","href":"https:\/\/api.w.org\/{rel}","templated":true}]}}